{"id":2457,"date":"2022-07-06T20:16:02","date_gmt":"2022-07-06T20:16:02","guid":{"rendered":"https:\/\/www.klinikpostmodern.com\/gizlilik-kosullar\/"},"modified":"2023-01-24T09:03:02","modified_gmt":"2023-01-24T09:03:02","slug":"confidentialitate-si-termeni-de-utilizare","status":"publish","type":"page","link":"https:\/\/www.klinikpostmodern.com\/ro\/confidentialitate-si-termeni-de-utilizare\/","title":{"rendered":"Confiden\u021bialitate \u0219i Termeni de utilizare"},"content":{"rendered":"<div class=\"wpb-content-wrapper\"><p>[vc_row css_animation=&#8221;&#8221; row_type=&#8221;row&#8221; use_row_as_full_screen_section=&#8221;no&#8221; type=&#8221;full_width&#8221; angled_section=&#8221;no&#8221; text_align=&#8221;left&#8221; background_image_as_pattern=&#8221;without_pattern&#8221;][vc_column][vc_column_text]<\/p>\n<h2>Clinica Dentara Postmodern Istanbul, Turcia<\/h2>\n<p>&nbsp;<\/p>\n<p><span style=\"color: #ffd256;\"><strong>Prin utilizarea site-ului klinikpostmodern.com, se consider\u0103 c\u0103 a\u021bi acceptat urm\u0103toarele condi\u021bii.<\/strong><\/span><\/p>\n<p>&nbsp;<\/p>\n<p><span style=\"color: #ffd256;\"><strong>Aten\u021bie<\/strong><\/span>: Con\u021binutul site-ului este pentru furnizarea de informa\u021bii, nu \u00eenlocuie\u0219te examinarea, diagnosticul \u0219i diagnosticul medicului. Consulta\u021bi-v\u0103 medicul pentru mai multe informa\u021bii.<\/p>\n<p>\u00centregul con\u021binut (text, imagine, video) utilizat pe site-ul nostru clinicpostmodern.com apar\u021bine klinikpostmodern.com \u0219i drepturile acestuia sunt rezervate, copierea, reproducerea \u0219i utilizarea neautorizat\u0103 \u00een orice alt mediu din orice motiv sunt interzise.<\/p>\n<p>Aproape toate site-urile web colecteaz\u0103 unele date despre vizitatorii lor. Aceste date sunt utilizate \u00een general pentru optimizarea paginilor web, publicitate \u0219i \u00een scopuri de securitate.<\/p>\n<p>&nbsp;<\/p>\n<p><span style=\"color: #ffd256;\"><strong>Date Personale<\/strong><\/span><br \/>\nPrin completarea diferitelor formulare \u0219i chestionare de pe Klinikpostmodern.com, informa\u021biile personale ale utilizatorilor (cum ar fi nume-prenume, telefon, adres\u0103 sau adrese de e-mail) sunt colectate datorit\u0103 naturii afacerii. \u00cen unele perioade, poate trimite informa\u021bii despre anun\u021buri \u0219i inova\u021bii utilizatorilor s\u0103i cu aceste informa\u021bii.<\/p>\n<p>&nbsp;<\/p>\n<p>Informa\u021biile personale pot fi folosite pentru studii de m\u0103surare, publicitate, promovare, marketing \u0219i alte activit\u0103\u021bi de comunicare \u0219i partajate cu Companiile Grupului \u0219i partenerii de afaceri, precum \u0219i \u00eenregistrate \u0219i utilizate \u00een scopul cre\u0219terii calit\u0103\u021bii serviciilor oferite de clinicpostmodern.com \u0219i pentru desf\u0103\u0219urarea site-ului activit\u0103\u021bi \u00eentr-un mod mai bun.<\/p>\n<p>&nbsp;<\/p>\n<p>Comentarii: C\u00e2nd vizitatorii las\u0103 comentarii pe site, colect\u0103m datele afi\u0219ate \u00een formularul de comentarii, precum \u0219i adresa IP a vizitatorului \u0219i textul informa\u021biilor din browser pentru a ajuta la detectarea spam-ului.<\/p>\n<p>&nbsp;<\/p>\n<p>Media: Dac\u0103 \u00eenc\u0103rca\u021bi imagini pe site-ul web, ar trebui s\u0103 evita\u021bi s\u0103 \u00eenc\u0103rca\u021bi imagini cu date de loca\u021bie \u00eencorporate (EXIF GPS). Vizitatorii site-ului pot desc\u0103rca \u0219i extrage orice informa\u021bii despre loca\u021bie din imaginile de pe site.<\/p>\n<p>&nbsp;<\/p>\n<p>Formulare de contact: Nu scrie\u021bi niciodat\u0103 num\u0103rul cardului de credit sau parolele \u00een e-mailurile pe care le trimite\u021bi cu privire la orice solicitare. Informa\u021biile con\u021binute \u00een e-mailuri pot fi vizualizate de ter\u021bi. \u00cen niciun caz nu putem garanta securitatea informa\u021biilor transmise din e-mailurile dumneavoastr\u0103.<\/p>\n<p>&nbsp;<\/p>\n<p>Cookie-uri: Dac\u0103 l\u0103sa\u021bi un comentariu pe site-ul nostru, pute\u021bi alege s\u0103 v\u0103 salva\u021bi numele, adresa de e-mail \u0219i site-ul web \u00een cookie-uri. Acestea sunt pentru comoditatea dvs., astfel \u00eenc\u00e2t s\u0103 nu fie nevoie s\u0103 v\u0103 completa\u021bi din nou informa\u021biile c\u00e2nd l\u0103sa\u021bi un alt comentariu. Aceste cookie-uri r\u0103m\u00e2n timp de un an.<\/p>\n<p>&nbsp;<\/p>\n<p>Dac\u0103 ave\u021bi un cont \u0219i sunte\u021bi autentificat pe acest site, vom seta un cookie temporar pentru a determina dac\u0103 browserul dumneavoastr\u0103 accept\u0103 cookie-uri. Acest cookie nu con\u021bine date personale \u0219i este eliminat atunci c\u00e2nd \u00eenchide\u021bi browserul.<\/p>\n<p>&nbsp;<\/p>\n<p>C\u00e2nd v\u0103 conecta\u021bi, vom salva c\u00e2teva module cookie pentru a v\u0103 salva informa\u021biile de conectare \u0219i selectarea vizualiz\u0103rii ecranului. Cookie-urile de conectare r\u0103m\u00e2n dou\u0103 zile, iar modulele cookie de op\u021biuni de ecran r\u0103m\u00e2n un an. Dac\u0103 alege\u021bi op\u021biunea \u201e\u021aine-m\u0103 minte\u201d, autentificarea va dura dou\u0103 s\u0103pt\u0103m\u00e2ni. Dac\u0103 v\u0103 deconecta\u021bi de la contul dvs., cookie-urile de conectare vor fi eliminate.<\/p>\n<p>&nbsp;<\/p>\n<p><span style=\"color: #ffd256;\"><strong>Securitate<\/strong><\/span><br \/>\nKlinikpostmodern.com ia m\u0103surile de precau\u021bie necesare pentru a asigura securitatea \u0219i confiden\u021bialitatea informa\u021biilor utilizatorilor \u0219i poate folosi alte programe \u00een acest scop. Cu toate acestea, clinicpostmodern.com nu va avea nicio responsabilitate \u00een cazul \u00een care informa\u021biile personale sunt deteriorate sau \u00een m\u00e2inile unor ter\u021bi ca urmare a atacurilor asupra site-ului \u0219i\/sau sistemului, \u00een ciuda lu\u0103rii m\u0103surilor de securitate a informa\u021biilor necesare.<\/p>\n<p>&nbsp;<\/p>\n<p>Adresele IP ale utilizatorilor sunt \u00eenregistrate pentru a identifica problemele legate de sistem \u0219i pentru a rezolva rapid orice probleme sau conflicte care pot ap\u0103rea \u00een ceea ce prive\u0219te securitatea \u0219i serviciul furnizat. Adresele IP pot fi folosite \u0219i pentru a identifica utilizatorii \u00eentr-un mod general \u0219i pentru a colecta informa\u021bii demografice cuprinz\u0103toare.<\/p>\n<p>&nbsp;<\/p>\n<p>Klinikpostmodern.com, s\u0103 p\u0103streze informa\u021biile confiden\u021biale strict private \u0219i confiden\u021biale, s\u0103 le considere o obliga\u021bie de confiden\u021bialitate \u0219i s\u0103 ia toate m\u0103surile necesare pentru a asigura \u0219i men\u021bine confiden\u021bialitatea, pentru a preveni intrarea integral\u0103 sau par\u021bial\u0103 a informa\u021biilor confiden\u021biale \u00een domeniul public sau utilizarea sau dezv\u0103luirea neautorizat\u0103. unui ter\u021b \u0219i se oblig\u0103 s\u0103 dea dovad\u0103 de diligen\u021b\u0103.<\/p>\n<p>&nbsp;<\/p>\n<p><span style=\"color: #ffd256;\"><strong>Con\u021binut \u0130ncorporat de pe Alte Site-uri<\/strong><\/span><br \/>\nArticolele de pe acest site pot con\u021bine con\u021binut \u00eencorporat (de exemplu, videoclipuri, imagini, articole etc.). Con\u021binutul \u00eencorporat de pe alte site-uri web se comport\u0103 exact la fel ca \u0219i cum vizitatorul ar fi vizitat cel\u0103lalt site web.<\/p>\n<p>&nbsp;<\/p>\n<p>Aceste site-uri web pot colecta date despre dvs., utiliza cookie-uri, pot \u00eencorpora urm\u0103rirea ter\u021bilor \u0219i pot monitoriza interac\u021biunea dvs. cu acel con\u021binut \u00eencorporat, inclusiv urm\u0103rirea interac\u021biunii dvs. cu con\u021binutul \u00eencorporat dac\u0103 ave\u021bi un cont \u0219i sunte\u021bi conectat la acest site web.<\/p>\n<p>&nbsp;<\/p>\n<p><span style=\"color: #ffd256;\"><strong>C\u00e2t Timp P\u0103str\u0103m Datele dvs.?<\/strong><\/span><br \/>\nDac\u0103 l\u0103sa\u021bi un comentariu, comentariul \u0219i metadatele sale sunt p\u0103strate pe termen nelimitat.<\/p>\n<p>&nbsp;<\/p>\n<p>Pentru utilizatorii care se \u00eenregistreaz\u0103 pe site-ul nostru web (dac\u0103 exist\u0103), stoc\u0103m \u0219i informa\u021biile personale pe care le furnizeaz\u0103 \u00een profilul lor de utilizator. To\u021bi utilizatorii \u00ee\u0219i pot vizualiza, edita sau \u0219terge informa\u021biile personale \u00een orice moment (cu excep\u021bia schimb\u0103rii numelor de utilizator). De asemenea, administratorii site-urilor web pot vizualiza \u0219i edita aceste informa\u021bii.<\/p>\n<p>&nbsp;<\/p>\n<p>De asemenea, pute\u021bi solicita \u0219tergerea tuturor datelor personale pe care le de\u021binem despre dvs. Aceasta nu include date pe care trebuie s\u0103 le respect\u0103m \u00een scopuri administrative, legale sau de securitate.<\/p>\n<p>&nbsp;<\/p>\n<p><span style=\"color: #ffd256;\"><strong>Circumstan\u021be excep\u021bionale<\/strong><\/span><br \/>\n\u00cen cazurile limitate specificate mai jos, Klinikpostmodern.com poate dezv\u0103lui informa\u021biile utilizatorilor c\u0103tre ter\u021bi, cu excep\u021bia prevederilor prezentei \u201ePolitici de confiden\u021bialitate\u201d;<\/p>\n<p>&nbsp;<\/p>\n<ul>\n<li>Legea, Decret-lege, Regulament etc. Obliga\u021biile aduse de normele legale adoptate \u0219i \u00een vigoare de c\u0103tre autoritatea juridic\u0103 competent\u0103;<\/li>\n<li>Pentru a \u00eendeplini cerin\u021bele contractelor pe care le-am \u00eencheiat cu utilizatorii;<\/li>\n<li>\u00cen cazul \u00een care informa\u021biile despre utilizatori sunt solicitate \u00een scopul efectu\u0103rii unei cercet\u0103ri sau investiga\u021bii efectuate \u00een mod corespunz\u0103tor de c\u0103tre autoritatea administrativ\u0103 \u0219i judiciar\u0103 abilitat\u0103;<\/li>\n<li>Acolo unde este necesar s\u0103 se furnizeze informa\u021bii pentru a proteja drepturile sau securitatea utilizatorilor.<\/li>\n<\/ul>\n<p>&nbsp;<\/p>\n<p><span style=\"color: #ffd256;\"><strong>Cum v\u0103 pute\u021bi exercita drepturile cu privire la datele personale?<\/strong><\/span><br \/>\n11 din KVKK, care reglementeaz\u0103 drepturile persoanelor vizate. Ne pute\u021bi trimite solicit\u0103rile \u00een sfera articolului prin \u201eFormularul de cerere c\u0103tre operatorul de date\u201d, din datele de contact ale Policlinicii de S\u0103n\u0103tate Bucodental\u0103 Postmodern\u0103 la adresa \u201eklinikpostmodern.com\u201d.<\/p>\n<p>&nbsp;<\/p>\n<p><strong>Supraveghetor de date: Policlinica postmodern\u0103 de s\u0103n\u0103tate bucal\u0103 \u0219i dentar\u0103<\/strong><\/p>\n<p><strong><a href=\"https:\/\/www.klinikpostmodern.com\/ro\/dis-klinigi-randevu\/\">Face\u021bi clic pentru informa\u021bii de contact &gt;&gt;&gt;<\/a><\/strong><\/p>\n<p>&nbsp;<\/p>\n<p>[\/vc_column_text][\/vc_column][\/vc_row]<\/p>\n<\/div>","protected":false},"excerpt":{"rendered":"<p>[vc_row css_animation=&#8221;&#8221; row_type=&#8221;row&#8221; use_row_as_full_screen_section=&#8221;no&#8221; type=&#8221;full_width&#8221; angled_section=&#8221;no&#8221; text_align=&#8221;left&#8221; background_image_as_pattern=&#8221;without_pattern&#8221;][vc_column][vc_column_text] Clinica Dentara Postmodern Istanbul, Turcia &nbsp; Prin&#8230;<\/p>\n","protected":false},"author":1,"featured_media":0,"parent":0,"menu_order":0,"comment_status":"closed","ping_status":"open","template":"","meta":{"footnotes":""},"class_list":["post-2457","page","type-page","status-publish","hentry"],"aioseo_notices":[],"_links":{"self":[{"href":"https:\/\/www.klinikpostmodern.com\/ro\/wp-json\/wp\/v2\/pages\/2457","targetHints":{"allow":["GET"]}}],"collection":[{"href":"https:\/\/www.klinikpostmodern.com\/ro\/wp-json\/wp\/v2\/pages"}],"about":[{"href":"https:\/\/www.klinikpostmodern.com\/ro\/wp-json\/wp\/v2\/types\/page"}],"author":[{"embeddable":true,"href":"https:\/\/www.klinikpostmodern.com\/ro\/wp-json\/wp\/v2\/users\/1"}],"replies":[{"embeddable":true,"href":"https:\/\/www.klinikpostmodern.com\/ro\/wp-json\/wp\/v2\/comments?post=2457"}],"version-history":[{"count":4,"href":"https:\/\/www.klinikpostmodern.com\/ro\/wp-json\/wp\/v2\/pages\/2457\/revisions"}],"predecessor-version":[{"id":3109,"href":"https:\/\/www.klinikpostmodern.com\/ro\/wp-json\/wp\/v2\/pages\/2457\/revisions\/3109"}],"wp:attachment":[{"href":"https:\/\/www.klinikpostmodern.com\/ro\/wp-json\/wp\/v2\/media?parent=2457"}],"curies":[{"name":"wp","href":"https:\/\/api.w.org\/{rel}","templated":true}]}}