{"id":3353,"date":"2022-07-06T20:16:02","date_gmt":"2022-07-06T20:16:02","guid":{"rendered":"https:\/\/www.klinikpostmodern.com\/gizlilik-kosullar\/"},"modified":"2023-01-24T18:28:42","modified_gmt":"2023-01-24T18:28:42","slug":"confidentialite-et-conditions-dutilisation","status":"publish","type":"page","link":"https:\/\/www.klinikpostmodern.com\/fr\/confidentialite-et-conditions-dutilisation\/","title":{"rendered":"Confidentialit\u00e9 et Conditions D&rsquo;utilisation"},"content":{"rendered":"<p><span style=\"color: #ffd256;\"><strong>En utilisant le site web klinikpostmodern.com, vous \u00eates r\u00e9put\u00e9 avoir accept\u00e9 les conditions suivantes.<\/strong><\/span><\/p>\n<p>&nbsp;<\/p>\n<p><span style=\"color: #ffd256;\"><strong>Avertissement<\/strong><\/span> : Le contenu du site est \u00e0 titre informatif, il ne se substitue pas \u00e0 l&rsquo;examen, au diagnostic et au diagnostic du m\u00e9decin. Consultez votre m\u00e9decin pour plus d&rsquo;informations.<\/p>\n<p>Tout le contenu (texte, image, vid\u00e9o) utilis\u00e9 sur notre site web klinikpostmoderne.com appartient \u00e0 klinikpostmoderne.com et ses droits sont r\u00e9serv\u00e9s, la copie, la reproduction et l&rsquo;utilisation non autoris\u00e9es sur tout autre support pour quelque raison que ce soit sont interdites.<\/p>\n<p>Presque tous les sites Web collectent des donn\u00e9es sur leurs visiteurs. Ces donn\u00e9es sont g\u00e9n\u00e9ralement utilis\u00e9es \u00e0 des fins d&rsquo;optimisation de pages Web, de publicit\u00e9 et de s\u00e9curit\u00e9.<\/p>\n<p>&nbsp;<\/p>\n<p><span style=\"color: #ffd256;\"><strong>Donn\u00e9es personnelles<\/strong><\/span><br \/>\nEn remplissant divers formulaires et questionnaires sur klinikpostmodern.com, les informations personnelles des utilisateurs (telles que nom-pr\u00e9nom, t\u00e9l\u00e9phone, adresse ou adresses e-mail) sont collect\u00e9es en raison de la nature de l&rsquo;entreprise. \u00c0 certaines p\u00e9riodes, il peut envoyer des informations sur les annonces et les innovations \u00e0 ses utilisateurs avec ces informations.<\/p>\n<p>&nbsp;<\/p>\n<p>Les informations personnelles peuvent \u00eatre utilis\u00e9es pour des \u00e9tudes de mesure, la publicit\u00e9, la promotion, le marketing et d&rsquo;autres activit\u00e9s de communication et partag\u00e9es avec les soci\u00e9t\u00e9s du groupe et les partenaires commerciaux, ainsi qu&rsquo;enregistr\u00e9es et utilis\u00e9es afin d&rsquo;augmenter la qualit\u00e9 du service offert par klinikpostmodern.com et de conduire le site activit\u00e9s d&rsquo;une meilleure fa\u00e7on.<\/p>\n<p>&nbsp;<\/p>\n<p>Commentaires : Lorsque les visiteurs laissent des commentaires sur le site, nous collectons les donn\u00e9es affich\u00e9es dans le formulaire de commentaires, ainsi que l&rsquo;adresse IP du visiteur et le texte d&rsquo;information du navigateur pour faciliter la d\u00e9tection du spam.<\/p>\n<p>&nbsp;<\/p>\n<p>M\u00e9dia : Si vous t\u00e9l\u00e9chargez des images sur le site Web, vous devez \u00e9viter de t\u00e9l\u00e9charger des images avec des donn\u00e9es de localisation int\u00e9gr\u00e9es (EXIF GPS). Les visiteurs du site Web peuvent t\u00e9l\u00e9charger et extraire toutes les informations de localisation \u00e0 partir des images sur le site Web.<\/p>\n<p>&nbsp;<\/p>\n<p>Formulaires de contact : N&rsquo;\u00e9crivez jamais votre num\u00e9ro de carte de cr\u00e9dit ou vos mots de passe dans les e-mails que vous envoyez concernant toute demande. Les informations contenues dans les e-mails peuvent \u00eatre consult\u00e9es par des tiers. En aucun cas, nous ne pouvons garantir la s\u00e9curit\u00e9 des informations transmises \u00e0 partir de vos e-mails.<\/p>\n<p>&nbsp;<\/p>\n<p>Cookies : Si vous laissez un commentaire sur notre site, vous pouvez choisir d&rsquo;enregistrer votre nom, votre adresse e-mail et votre site Web dans des cookies. Ceux-ci sont pour votre commodit\u00e9 afin que vous n&rsquo;ayez pas \u00e0 remplir \u00e0 nouveau vos informations lorsque vous laissez un autre commentaire. Ces cookies restent un an.<\/p>\n<p>&nbsp;<\/p>\n<p>Si vous avez un compte et que vous \u00eates connect\u00e9 \u00e0 ce site, nous installerons un cookie temporaire pour d\u00e9terminer si votre navigateur accepte les cookies. Ce cookie ne contient aucune donn\u00e9e personnelle et est supprim\u00e9 lorsque vous fermez votre navigateur.<\/p>\n<p>&nbsp;<\/p>\n<p>Lorsque vous vous connecterez, nous enregistrerons quelques cookies pour enregistrer vos informations de connexion et votre s\u00e9lection d&rsquo;affichage d&rsquo;\u00e9cran. Les cookies de connexion restent deux jours et les cookies d&rsquo;options d&rsquo;\u00e9cran restent un an. Si vous choisissez l&rsquo;option \u00ab\u00a0Se souvenir de moi\u00a0\u00bb, votre connexion durera deux semaines. Si vous vous d\u00e9connectez de votre compte, les cookies de connexion seront supprim\u00e9s.<\/p>\n<p>&nbsp;<\/p>\n<p><span style=\"color: #ffd256;\"><strong>S\u00e9curit\u00e9<\/strong><\/span><br \/>\nklinikpostmodern.com prend les mesures n\u00e9cessaires pour assurer la s\u00e9curit\u00e9 et la confidentialit\u00e9 des informations des utilisateurs, et peut utiliser d&rsquo;autres programmes \u00e0 cette fin. Cependant, klinikpostmodern.com n&rsquo;aura aucune responsabilit\u00e9 si des informations personnelles sont endommag\u00e9es ou entre les mains de tiers \u00e0 la suite d&rsquo;attaques sur le site Web et\/ou le syst\u00e8me malgr\u00e9 la prise des mesures de s\u00e9curit\u00e9 de l&rsquo;information n\u00e9cessaires.<\/p>\n<p>&nbsp;<\/p>\n<p>Les adresses IP des utilisateurs sont enregistr\u00e9es afin d&rsquo;identifier les probl\u00e8mes li\u00e9s au syst\u00e8me et de r\u00e9soudre rapidement tout probl\u00e8me ou conflit pouvant survenir concernant la s\u00e9curit\u00e9 et le service fourni. Les adresses IP peuvent \u00e9galement \u00eatre utilis\u00e9es pour identifier les utilisateurs de mani\u00e8re g\u00e9n\u00e9rale et pour recueillir des informations d\u00e9mographiques compl\u00e8tes.<\/p>\n<p>&nbsp;<\/p>\n<p>klinikpostmodern.com, de garder les informations confidentielles strictement priv\u00e9es et confidentielles, de les consid\u00e9rer comme une obligation de confidentialit\u00e9 et de prendre toutes les mesures n\u00e9cessaires pour assurer et maintenir la confidentialit\u00e9, pour emp\u00eacher tout ou partie des informations confidentielles d&rsquo;entrer dans le domaine public ou d&rsquo;\u00eatre utilis\u00e9es ou divulgu\u00e9es sans autorisation \u00e0 un tiers et s&rsquo;engage \u00e0 faire preuve de diligence raisonnable.<\/p>\n<p>&nbsp;<\/p>\n<p><span style=\"color: #ffd256;\"><strong>Contenu Int\u00e9gr\u00e9 \u00e0 Partir D&rsquo;autres Sites<\/strong><\/span><br \/>\nLes articles de ce site peuvent contenir du contenu int\u00e9gr\u00e9 (par exemple, des vid\u00e9os, des images, des articles, etc.). Le contenu int\u00e9gr\u00e9 \u00e0 partir d&rsquo;autres sites Web se comporte exactement comme si le visiteur avait visit\u00e9 l&rsquo;autre site Web.<\/p>\n<p>&nbsp;<\/p>\n<p>Ces sites Web peuvent collecter des donn\u00e9es vous concernant, utiliser des cookies, int\u00e9grer un suivi tiers et surveiller votre interaction avec ce contenu int\u00e9gr\u00e9, y compris le suivi de votre interaction avec le contenu int\u00e9gr\u00e9 si vous avez un compte et \u00eates connect\u00e9 \u00e0 ce site Web.<\/p>\n<p>&nbsp;<\/p>\n<p><span style=\"color: #ffd256;\"><strong>Combien de Temps Cconservons-nous Vos Donn\u00e9es ?<\/strong><\/span><br \/>\nSi vous laissez un commentaire, le commentaire et ses m\u00e9tadonn\u00e9es sont conserv\u00e9s ind\u00e9finiment.<\/p>\n<p>&nbsp;<\/p>\n<p>Pour les utilisateurs qui s&rsquo;inscrivent sur notre site Web (le cas \u00e9ch\u00e9ant), nous stockons \u00e9galement les informations personnelles qu&rsquo;ils fournissent dans leur profil d&rsquo;utilisateur. Tous les utilisateurs peuvent consulter, modifier ou supprimer leurs informations personnelles \u00e0 tout moment (sauf pour changer de nom d&rsquo;utilisateur). Les administrateurs du site Web peuvent \u00e9galement afficher et modifier ces informations.<\/p>\n<p>&nbsp;<\/p>\n<p>Vous pouvez \u00e9galement demander la suppression de toutes les donn\u00e9es personnelles que nous d\u00e9tenons \u00e0 votre sujet. Cela n&rsquo;inclut pas les donn\u00e9es que nous devons respecter \u00e0 des fins administratives, juridiques ou de s\u00e9curit\u00e9.<\/p>\n<p>&nbsp;<\/p>\n<p><span style=\"color: #ffd256;\"><strong>Circonstances Exceptionnelles<\/strong><\/span><br \/>\nDans les cas limit\u00e9s sp\u00e9cifi\u00e9s ci-dessous, klinikpostmodernk.com peut divulguer les informations des utilisateurs \u00e0 des tiers, \u00e0 l&rsquo;exception des dispositions de la pr\u00e9sente \u00ab\u00a0Politique de confidentialit\u00e9\u00a0\u00bb ;<\/p>\n<p>&nbsp;<\/p>\n<ul>\n<li>Loi, d\u00e9cret-loi, r\u00e8glement, etc. Obligations port\u00e9es par les r\u00e8gles l\u00e9gales \u00e9dict\u00e9es et en vigueur par l&rsquo;autorit\u00e9 judiciaire comp\u00e9tente ;<\/li>\n<li>Afin de r\u00e9pondre aux exigences des contrats que nous avons conclus avec les utilisateurs ;<\/li>\n<li>En cas de demande d&rsquo;informations sur les utilisateurs aux fins de mener une recherche ou une enqu\u00eate d\u00fbment effectu\u00e9e par l&rsquo;autorit\u00e9 administrative et judiciaire comp\u00e9tente ;<\/li>\n<li>Lorsqu&rsquo;il est n\u00e9cessaire de fournir des informations pour prot\u00e9ger les droits ou la s\u00e9curit\u00e9 des utilisateurs.<\/li>\n<\/ul>\n<p>&nbsp;<\/p>\n<p><span style=\"color: #ffd256;\"><strong>Comment pouvez-vous exercer vos droits sur les donn\u00e9es personnelles ?<\/strong><\/span><br \/>\n11 du KVKK, qui r\u00e9glemente les droits des personnes concern\u00e9es. Vous pouvez envoyer vos demandes dans le cadre de l&rsquo;article, via le \u00ab\u00a0Formulaire de demande au responsable du traitement\u00a0\u00bb, \u00e0 partir des coordonn\u00e9es de la Polyclinique de sant\u00e9 bucco-dentaire postmoderne \u00e0 \u00ab\u00a0klinikpostmodern.com\u00a0\u00bb.<\/p>\n<p>&nbsp;<\/p>\n<p><strong>Superviseur des donn\u00e9es : Polyclinique de sant\u00e9 bucco-dentaire postmoderne<\/strong><\/p>\n<p><strong><a href=\"https:\/\/www.klinikpostmodern.com\/dis-klinigi-randevu\/\">Cliquez pour les coordonn\u00e9es &gt;&gt;&gt;<\/a><\/strong><\/p>\n<p>&nbsp;<\/p>\n<p>&nbsp;<\/p>\n","protected":false},"excerpt":{"rendered":"<p>En utilisant le site web klinikpostmodern.com, vous \u00eates r\u00e9put\u00e9 avoir accept\u00e9 les conditions suivantes. &nbsp;&#8230;<\/p>\n","protected":false},"author":1,"featured_media":0,"parent":0,"menu_order":0,"comment_status":"closed","ping_status":"open","template":"","meta":{"footnotes":""},"class_list":["post-3353","page","type-page","status-publish","hentry"],"aioseo_notices":[],"_links":{"self":[{"href":"https:\/\/www.klinikpostmodern.com\/fr\/wp-json\/wp\/v2\/pages\/3353","targetHints":{"allow":["GET"]}}],"collection":[{"href":"https:\/\/www.klinikpostmodern.com\/fr\/wp-json\/wp\/v2\/pages"}],"about":[{"href":"https:\/\/www.klinikpostmodern.com\/fr\/wp-json\/wp\/v2\/types\/page"}],"author":[{"embeddable":true,"href":"https:\/\/www.klinikpostmodern.com\/fr\/wp-json\/wp\/v2\/users\/1"}],"replies":[{"embeddable":true,"href":"https:\/\/www.klinikpostmodern.com\/fr\/wp-json\/wp\/v2\/comments?post=3353"}],"version-history":[{"count":1,"href":"https:\/\/www.klinikpostmodern.com\/fr\/wp-json\/wp\/v2\/pages\/3353\/revisions"}],"predecessor-version":[{"id":3354,"href":"https:\/\/www.klinikpostmodern.com\/fr\/wp-json\/wp\/v2\/pages\/3353\/revisions\/3354"}],"wp:attachment":[{"href":"https:\/\/www.klinikpostmodern.com\/fr\/wp-json\/wp\/v2\/media?parent=3353"}],"curies":[{"name":"wp","href":"https:\/\/api.w.org\/{rel}","templated":true}]}}