{"id":1472,"date":"2018-02-02T16:19:22","date_gmt":"2018-02-02T16:19:22","guid":{"rendered":"https:\/\/www.klinikpostmodern.com\/dis-klinigi-randevu\/"},"modified":"2024-08-02T12:13:49","modified_gmt":"2024-08-02T12:13:49","slug":"dental-clinic-appointment","status":"publish","type":"page","link":"https:\/\/www.klinikpostmodern.com\/en\/dental-clinic-appointment\/","title":{"rendered":"Contact"},"content":{"rendered":"<div class=\"wpb-content-wrapper\"><p>[vc_row css_animation=&#8221;&#8221; row_type=&#8221;row&#8221; use_row_as_full_screen_section=&#8221;no&#8221; type=&#8221;full_width&#8221; angled_section=&#8221;no&#8221; text_align=&#8221;left&#8221; background_image_as_pattern=&#8221;without_pattern&#8221; z_index=&#8221;&#8221;][vc_column][vc_row_inner row_type=&#8221;row&#8221; type=&#8221;grid&#8221; text_align=&#8221;left&#8221; css_animation=&#8221;&#8221;][vc_column_inner width=&#8221;1\/2&#8243;][qode_elements_holder number_of_columns=&#8221;one_column&#8221;][qode_elements_holder_item advanced_animations=&#8221;no&#8221;]<div class='q_icon_with_title medium normal_icon '><div class=\"icon_holder \" style=\" \"><span data-icon-type=\"normal\"   style=\"\" class=\"qode_iwt_icon_holder q_font_awsome_icon fa-3x  qode-type1-gradient-left-to-right-text\"><i class=\"qode_icon_font_awesome fa fa-whatsapp qode_iwt_icon_element\" style=\"\" ><\/i><\/span><\/div><div class=\"icon_text_holder\" style=\"\"><div class=\"icon_text_inner\" style=\"\"><h4 class=\"icon_title\" style=\"color: #ffd256;font-weight: 700;\">WhatsApp<\/h4><p style='color: #ffffff'>+90 531 551 54 73<\/p><a itemprop='url' class='icon_with_title_link' href='https:\/\/wa.me\/905315515473' target='_blank' style='color: #efc95c;'>Consult Online &gt;&gt;&gt;<\/a><\/div><\/div><\/div>[vc_separator type=&#8221;normal&#8221; gradient_color=&#8221;yes&#8221; color=&#8221;#fcfcfc&#8221; thickness=&#8221;1&#8243; up=&#8221;25&#8243; down=&#8221;25&#8243;]<div class='q_icon_with_title medium normal_icon '><div class=\"icon_holder \" style=\" \"><span data-icon-type=\"normal\"   style=\"\" class=\"qode_iwt_icon_holder q_font_awsome_icon fa-3x  qode-type1-gradient-left-to-right-text\"><i class=\"qode_icon_font_awesome fa fa-phone qode_iwt_icon_element\" style=\"\" ><\/i><\/span><\/div><div class=\"icon_text_holder\" style=\"\"><div class=\"icon_text_inner\" style=\"\"><h4 class=\"icon_title\" style=\"color: #ffd256;font-weight: 700;\">Telephone<\/h4><p style='color: #ffffff'>+90 531 551 54 73<\/p><a itemprop='url' class='icon_with_title_link' href='tel:+905315515473' target='_blank' style='color: #efc95c;'>Call by Phone &gt;&gt;&gt;<\/a><\/div><\/div><\/div>[vc_separator type=&#8221;normal&#8221; gradient_color=&#8221;yes&#8221; color=&#8221;#fcfcfc&#8221; thickness=&#8221;1&#8243; up=&#8221;25&#8243; down=&#8221;25&#8243;]<div class='q_icon_with_title medium normal_icon '><div class=\"icon_holder \" style=\" \"><span data-icon-type=\"normal\"   style=\"\" class=\"qode_iwt_icon_holder q_font_awsome_icon fa-3x  qode-type1-gradient-left-to-right-text\"><i class=\"qode_icon_font_awesome fa fa-map-marker qode_iwt_icon_element\" style=\"color: #ffd256;\" ><\/i><\/span><\/div><div class=\"icon_text_holder\" style=\"\"><div class=\"icon_text_inner\" style=\"\"><h4 class=\"icon_title\" style=\"color: #ffd256;font-weight: 700;\">Adress<\/h4><p style='color: #ffffff'>B\u00fcy\u00fckdere Cad. Fulya Mah. No:56 Defne Apt. Kat:3 Daire: 7 \u015ei\u015fli, \u0130stanbul<\/p><a itemprop='url' class='icon_with_title_link' href='https:\/\/goo.gl\/maps\/AmLK3KKiQJD5BWtt7' target='_blank' style='color: #efc95c;'>Get Directions &gt;&gt;&gt;<\/a><\/div><\/div><\/div>[vc_separator type=&#8221;normal&#8221; gradient_color=&#8221;yes&#8221; color=&#8221;#fcfcfc&#8221; thickness=&#8221;1&#8243; up=&#8221;25&#8243; down=&#8221;25&#8243;]<div class='q_icon_with_title medium normal_icon '><div class=\"icon_holder \" style=\" \"><span data-icon-type=\"normal\"   style=\"\" class=\"qode_iwt_icon_holder q_font_awsome_icon fa-3x  qode-type1-gradient-left-to-right-text\"><i class=\"qode_icon_font_awesome fa fa-thumbs-o-up qode_iwt_icon_element\" style=\"\" ><\/i><\/span><\/div><div class=\"icon_text_holder\" style=\"\"><div class=\"icon_text_inner\" style=\"\"><h4 class=\"icon_title\" style=\"color: #ffd256;font-weight: 700;\">Social Media<\/h4><p style='color: #ffffff'>Follow<\/p><\/div><\/div><\/div><span class='q_social_icon_holder circle_social' data-color=#f0c95d ><a itemprop='url' href='https:\/\/www.facebook.com\/klinikpostmodern\/' target='_blank'><span class='fa-stack fa-2x' style='background-color: rgba(0,0,0,0.01);border-color: #f0c95d;border-width: 1px;'><i class=\"qode_icon_font_awesome fa fa-facebook \" style=\"color: #f0c95d;\" ><\/i><\/span><\/a><\/span><span class='q_social_icon_holder circle_social' data-color=#f0c95d ><a itemprop='url' href='https:\/\/www.instagram.com\/klinikpostmodern\/' target='_blank'><span class='fa-stack fa-2x' style='background-color: rgba(255,255,255,0.01);border-color: #f0c95d;border-width: 1px;'><i class=\"qode_icon_font_awesome fa fa-instagram \" style=\"color: #f0c95d;\" ><\/i><\/span><\/a><\/span><span class='q_social_icon_holder circle_social' data-color=#f0c95d ><a itemprop='url' href='https:\/\/www.youtube.com\/channel\/UC_NjOGJlie0qsUCvEdaZT_g' target='_blank'><span class='fa-stack fa-2x' style='background-color: rgba(255,255,255,0.01);border-color: #f0c95d;border-width: 1px;'><i class=\"qode_icon_font_awesome fa fa-youtube \" style=\"color: #f0c95d;\" ><\/i><\/span><\/a><\/span>[vc_empty_space][\/qode_elements_holder_item][\/qode_elements_holder][\/vc_column_inner][vc_column_inner width=&#8221;1\/2&#8243; css=&#8221;.vc_custom_1661554532942{border-top-width: 1px !important;border-right-width: 1px !important;border-bottom-width: 1px !important;border-left-width: 1px !important;background-color: rgba(10,10,10,0.21) !important;*background-color: rgb(10,10,10) !important;border-left-color: #ffffff !important;border-left-style: solid !important;border-right-color: #ffffff !important;border-right-style: solid !important;border-top-color: #ffffff !important;border-top-style: solid !important;border-bottom-color: #ffffff !important;border-bottom-style: solid !important;border-radius: 15px !important;}&#8221;][qode_elements_holder number_of_columns=&#8221;one_column&#8221;][qode_elements_holder_item advanced_animations=&#8221;no&#8221;]<div class='q_icon_with_title medium normal_icon left_from_title '><div class=\"icon_text_holder\" style=\"\"><div class=\"icon_text_inner\" style=\"\"><div class=\"icon_title_holder\"><div class=\"icon_holder \" style=\" \"><span data-icon-type=\"normal\"   style=\"\" class=\"qode_iwt_icon_holder q_font_awsome_icon fa-3x  \"><i class=\"qode_icon_font_awesome fa fa-envelope qode_iwt_icon_element\" style=\"color: #ffffff;\" ><\/i><\/span><\/div><h5 class=\"icon_title\" style=\"color: #ffffff;font-weight: 600;\">Appointment \/ Request Form<\/h5><\/div><p style='color: #ffffff'>Please fill in and submit!<\/p><\/div><\/div><\/div>\n<div class=\"wpcf7 no-js\" id=\"wpcf7-f1726-o1\" lang=\"en-US\" dir=\"ltr\" data-wpcf7-id=\"1726\">\n<div class=\"screen-reader-response\"><p role=\"status\" aria-live=\"polite\" aria-atomic=\"true\"><\/p> <ul><\/ul><\/div>\n<form action=\"\/en\/wp-json\/wp\/v2\/pages\/1472#wpcf7-f1726-o1\" method=\"post\" class=\"wpcf7-form init cf7_custom_style_3\" aria-label=\"Contact form\" novalidate=\"novalidate\" data-status=\"init\">\n<fieldset class=\"hidden-fields-container\"><input type=\"hidden\" name=\"_wpcf7\" value=\"1726\" \/><input type=\"hidden\" name=\"_wpcf7_version\" value=\"6.1.5\" \/><input type=\"hidden\" name=\"_wpcf7_locale\" value=\"en_US\" \/><input type=\"hidden\" name=\"_wpcf7_unit_tag\" value=\"wpcf7-f1726-o1\" \/><input type=\"hidden\" name=\"_wpcf7_container_post\" value=\"0\" \/><input type=\"hidden\" name=\"_wpcf7_posted_data_hash\" value=\"\" \/><input type=\"hidden\" name=\"_wpcf7_recaptcha_response\" value=\"\" \/>\n<\/fieldset>\n<p><span class=\"wpcf7-form-control-wrap\" data-name=\"adsoyad\"><input size=\"40\" maxlength=\"400\" class=\"wpcf7-form-control wpcf7-text wpcf7-validates-as-required\" aria-required=\"true\" aria-invalid=\"false\" placeholder=\"Name Surname\" value=\"\" type=\"text\" name=\"adsoyad\" \/><\/span><br \/>\n<span class=\"wpcf7-form-control-wrap\" data-name=\"ulke-kod\"><input size=\"40\" class=\"wpcf7-form-control wpcf7-countrytext wpcf7-validates-as-required wpcf7-text wpcf7-validates-as-countrytext\" aria-required=\"true\" aria-invalid=\"false\" value=\"\" type=\"text\" name=\"ulke-kod\" \/><\/span><br \/>\n<span class=\"wpcf7-form-control-wrap\" data-name=\"tel\"><input size=\"40\" maxlength=\"400\" class=\"wpcf7-form-control wpcf7-tel wpcf7-validates-as-required wpcf7-text wpcf7-validates-as-tel\" aria-required=\"true\" aria-invalid=\"false\" placeholder=\"Telephone\" value=\"\" type=\"tel\" name=\"tel\" \/><\/span><br \/>\n<span class=\"wpcf7-form-control-wrap\" data-name=\"E-mail\"><input size=\"40\" maxlength=\"400\" class=\"wpcf7-form-control wpcf7-email wpcf7-validates-as-required wpcf7-text wpcf7-validates-as-email\" aria-required=\"true\" aria-invalid=\"false\" placeholder=\"E-mail\" value=\"\" type=\"email\" name=\"E-mail\" \/><\/span><br \/>\n<span class=\"wpcf7-form-control-wrap\" data-name=\"Mesaj\"><input size=\"40\" maxlength=\"400\" class=\"wpcf7-form-control wpcf7-text wpcf7-validates-as-required\" aria-required=\"true\" aria-invalid=\"false\" placeholder=\"Message\" value=\"\" type=\"text\" name=\"Mesaj\" \/><\/span><br \/>\n<input class=\"wpcf7-form-control wpcf7-submit has-spinner\" type=\"submit\" value=\"Register\" \/>\n<\/p><div class=\"wpcf7-response-output\" aria-hidden=\"true\"><\/div>\n<\/form>\n<\/div>\n[\/qode_elements_holder_item][\/qode_elements_holder][\/vc_column_inner][\/vc_row_inner][vc_empty_space][\/vc_column][\/vc_row][vc_row css_animation=&#8221;&#8221; row_type=&#8221;row&#8221; use_row_as_full_screen_section=&#8221;no&#8221; type=&#8221;full_width&#8221; angled_section=&#8221;no&#8221; text_align=&#8221;left&#8221; background_image_as_pattern=&#8221;without_pattern&#8221;][vc_column][vc_gmaps link=&#8221;#E-8_JTNDaWZyYW1lJTIwc3JjJTNEJTIyaHR0cHMlM0ElMkYlMkZ3d3cuZ29vZ2xlLmNvbSUyRm1hcHMlMkZlbWJlZCUzRnBiJTNEJTIxMW0xNCUyMTFtOCUyMTFtMyUyMTFkMzAwOC4wNzI1NTMzMjM3NzA1JTIxMmQyOS4wMDE1NzE4NTU5Njk2MTUlMjEzZDQxLjA2NzQwNjY5NDg0MTQ0NSUyMTNtMiUyMTFpMTAyNCUyMTJpNzY4JTIxNGYxMy4xJTIxM20zJTIxMW0yJTIxMXMweDAlMjUzQTB4OGZlNDVjYWI5Y2VmMGE3ZCUyMTJzRGklMjVDNSUyNTlGJTI1MjBLbGluaSUyNUM0JTI1OUZpJTI1MjBQb3N0bW9kZXJuJTIxNWUwJTIxM20yJTIxMXNlbiUyMTJzdHIlMjE0djE2NjAyOTkzMDA5MjIlMjE1bTIlMjExc2VuJTIxMnN0ciUyMiUyMHdpZHRoJTNEJTIyMTkyMCUyMiUyMGhlaWdodCUzRCUyMjYwMCUyMiUyMHN0eWxlJTNEJTIyYm9yZGVyJTNBMCUzQiUyMiUyMGFsbG93ZnVsbHNjcmVlbiUzRCUyMiUyMiUyMGxvYWRpbmclM0QlMjJsYXp5JTIyJTIwcmVmZXJyZXJwb2xpY3klM0QlMjJuby1yZWZlcnJlci13aGVuLWRvd25ncmFkZSUyMiUzRSUzQyUyRmlmcmFtZSUzRQ==&#8221; size=&#8221;450&#8243;][\/vc_column][\/vc_row]<\/p>\n<\/div>","protected":false},"excerpt":{"rendered":"<p>[vc_row css_animation=&#8221;&#8221; row_type=&#8221;row&#8221; use_row_as_full_screen_section=&#8221;no&#8221; type=&#8221;full_width&#8221; angled_section=&#8221;no&#8221; text_align=&#8221;left&#8221; background_image_as_pattern=&#8221;without_pattern&#8221; z_index=&#8221;&#8221;][vc_column][vc_row_inner row_type=&#8221;row&#8221; type=&#8221;grid&#8221; text_align=&#8221;left&#8221; css_animation=&#8221;&#8221;][vc_column_inner width=&#8221;1\/2&#8243;][qode_elements_holder number_of_columns=&#8221;one_column&#8221;][qode_elements_holder_item&#8230;<\/p>\n","protected":false},"author":1,"featured_media":0,"parent":0,"menu_order":0,"comment_status":"closed","ping_status":"closed","template":"full_width.php","meta":{"footnotes":""},"class_list":["post-1472","page","type-page","status-publish","hentry"],"aioseo_notices":[],"_links":{"self":[{"href":"https:\/\/www.klinikpostmodern.com\/en\/wp-json\/wp\/v2\/pages\/1472","targetHints":{"allow":["GET"]}}],"collection":[{"href":"https:\/\/www.klinikpostmodern.com\/en\/wp-json\/wp\/v2\/pages"}],"about":[{"href":"https:\/\/www.klinikpostmodern.com\/en\/wp-json\/wp\/v2\/types\/page"}],"author":[{"embeddable":true,"href":"https:\/\/www.klinikpostmodern.com\/en\/wp-json\/wp\/v2\/users\/1"}],"replies":[{"embeddable":true,"href":"https:\/\/www.klinikpostmodern.com\/en\/wp-json\/wp\/v2\/comments?post=1472"}],"version-history":[{"count":7,"href":"https:\/\/www.klinikpostmodern.com\/en\/wp-json\/wp\/v2\/pages\/1472\/revisions"}],"predecessor-version":[{"id":1727,"href":"https:\/\/www.klinikpostmodern.com\/en\/wp-json\/wp\/v2\/pages\/1472\/revisions\/1727"}],"wp:attachment":[{"href":"https:\/\/www.klinikpostmodern.com\/en\/wp-json\/wp\/v2\/media?parent=1472"}],"curies":[{"name":"wp","href":"https:\/\/api.w.org\/{rel}","templated":true}]}}