{"id":2110,"date":"2022-07-06T20:16:02","date_gmt":"2022-07-06T20:16:02","guid":{"rendered":"https:\/\/www.klinikpostmodern.com\/datenschutz-und-nutzungsbedingungen\/"},"modified":"2022-11-18T17:31:25","modified_gmt":"2022-11-18T17:31:25","slug":"datenschutz-und-nutzungsbedingungen","status":"publish","type":"page","link":"https:\/\/www.klinikpostmodern.com\/de\/datenschutz-und-nutzungsbedingungen\/","title":{"rendered":"Datenschutz und Nutzungsbedingungen"},"content":{"rendered":"<p><span style=\"color: #ffd256;\"><strong>Durch die Nutzung der Website klinikpostmodern.com erkl\u00e4ren Sie sich mit den folgenden Bedingungen einverstanden.<\/strong><\/span><\/p>\n<p>&nbsp;<\/p>\n<p><span style=\"color: #ffd256;\"><strong>Achtung:<\/strong><\/span> Der Inhalt der Seite dient der Information, er ersetzt nicht die \u00e4rztliche Untersuchung, Diagnose und Diagnostik. Wenden Sie sich f\u00fcr weitere Informationen an Ihren Arzt.<\/p>\n<p>Alle Inhalte (Text, Bild, Video), die auf unserer Website klinikpostmodern.com verwendet werden, sind Eigentum von clinicalpostmodern.com und ihre Rechte sind vorbehalten. Das unbefugte Kopieren, Reproduzieren und Verwenden in einem anderen Medium aus irgendeinem Grund ist untersagt.<\/p>\n<p>Fast alle Websites sammeln einige Daten \u00fcber ihre Besucher. Diese Daten dienen im Allgemeinen der Webseitenoptimierung, Werbung und Sicherheitszwecken.<\/p>\n<p>&nbsp;<\/p>\n<p><span style=\"color: #ffd256;\"><strong>Pers\u00f6nliche Daten<\/strong><\/span><br \/>\nDurch das Ausf\u00fcllen verschiedener Formulare und Frageb\u00f6gen auf Klinikpostmodern.com werden aufgrund der Art des Gesch\u00e4fts personenbezogene Daten der Benutzer (wie Vor- und Nachname, Telefon, Adresse oder E-Mail-Adresse) erhoben. In einigen Zeitr\u00e4umen kann es mit diesen Informationen Informationen \u00fcber Ank\u00fcndigungen und Neuerungen an seine Benutzer senden.<\/p>\n<p>&nbsp;<\/p>\n<p>Personenbezogene Daten k\u00f6nnen f\u00fcr Messstudien, Werbung, Verkaufsf\u00f6rderung, Marketing und andere Kommunikationsaktivit\u00e4ten verwendet und mit Konzernunternehmen und Gesch\u00e4ftspartnern geteilt sowie erfasst und verwendet werden, um die Qualit\u00e4t der von klinikpostmodern.com angebotenen Dienstleistungen zu verbessern und die Website zu betreiben Aktivit\u00e4ten besser.<\/p>\n<p>&nbsp;<\/p>\n<p>Kommentare: Wenn Besucher Kommentare auf der Website hinterlassen, erfassen wir die im Kommentarformular angezeigten Daten sowie die IP-Adresse des Besuchers und Browser-Informationstext, um die Spam-Erkennung zu unterst\u00fctzen.<\/p>\n<p>&nbsp;<\/p>\n<p>Medien: Wenn Sie Bilder auf die Website hochladen, sollten Sie das Hochladen von Bildern mit eingebetteten Standortdaten (EXIF GPS) vermeiden. Website-Besucher k\u00f6nnen beliebige Standortinformationen aus Bildern auf der Website herunterladen und extrahieren.<\/p>\n<p>&nbsp;<\/p>\n<p>Kontaktformulare: Schreiben Sie niemals Ihre Kreditkartennummer oder Passw\u00f6rter in die E-Mails, die Sie bez\u00fcglich einer Anfrage senden. In E-Mails enthaltene Informationen k\u00f6nnen von Dritten eingesehen werden. Wir k\u00f6nnen unter keinen Umst\u00e4nden die Sicherheit der von Ihren E-Mails \u00fcbermittelten Informationen garantieren.<\/p>\n<p>&nbsp;<\/p>\n<p>Cookies: Wenn Sie einen Kommentar auf unserer Website hinterlassen, k\u00f6nnen Sie Ihren Namen, Ihre E-Mail-Adresse und Ihre Website in Cookies speichern. Diese dienen Ihrer Bequemlichkeit, damit Sie Ihre Informationen nicht erneut eingeben m\u00fcssen, wenn Sie einen weiteren Kommentar hinterlassen. Diese Cookies bleiben ein Jahr lang bestehen.<\/p>\n<p>&nbsp;<\/p>\n<p>Wenn Sie ein Konto haben und auf dieser Website angemeldet sind, setzen wir ein tempor\u00e4res Cookie, um festzustellen, ob Ihr Browser Cookies akzeptiert. Dieses Cookie enth\u00e4lt keine personenbezogenen Daten und wird verworfen, wenn Sie Ihren Browser schlie\u00dfen.<\/p>\n<p>&nbsp;<\/p>\n<p>Wenn Sie sich anmelden, speichern wir einige Cookies, um Ihre Anmeldeinformationen und die Auswahl der Bildschirmansicht zu speichern. Login-Cookies bleiben zwei Tage und Cookies f\u00fcr Bildschirmoptionen ein Jahr lang. Wenn Sie die Option \u201eRemember me\u201c w\u00e4hlen, ist Ihr Login zwei Wochen lang g\u00fcltig. Wenn Sie sich von Ihrem Konto abmelden, werden die Anmelde-Cookies entfernt.<\/p>\n<p>&nbsp;<\/p>\n<p><span style=\"color: #ffd256;\"><strong>Sicherheit<\/strong><\/span><br \/>\nKlinikpostmodern.com trifft die notwendigen Vorkehrungen, um die Sicherheit und Vertraulichkeit der Benutzerinformationen zu gew\u00e4hrleisten, und kann zu diesem Zweck andere Programme verwenden. klinikpostmodern.com \u00fcbernimmt jedoch keine Verantwortung f\u00fcr den Fall, dass personenbezogene Daten infolge von Angriffen auf die Website und\/oder das System besch\u00e4digt werden oder in die H\u00e4nde Dritter gelangen, obwohl die erforderlichen Ma\u00dfnahmen zur Informationssicherheit getroffen wurden.<\/p>\n<p>&nbsp;<\/p>\n<p>Die IP-Adressen der Benutzer werden aufgezeichnet, um systembezogene Probleme zu identifizieren und eventuell auftretende Probleme oder Konflikte bez\u00fcglich der Sicherheit und des bereitgestellten Dienstes schnell zu l\u00f6sen. IP-Adressen k\u00f6nnen auch verwendet werden, um Benutzer allgemein zu identifizieren und umfassende demografische Informationen zu sammeln.<\/p>\n<p>&nbsp;<\/p>\n<p>klinikpostmodern.com, vertrauliche Informationen streng vertraulich und vertraulich zu behandeln, sie als Vertraulichkeitsverpflichtung zu betrachten und alle erforderlichen Ma\u00dfnahmen zu ergreifen, um die Vertraulichkeit zu gew\u00e4hrleisten und aufrechtzuerhalten, um zu verhindern, dass vertrauliche Informationen ganz oder teilweise \u00f6ffentlich bekannt werden oder unbefugt verwendet oder offengelegt werden an Dritte weiter und verpflichtet sich zur geb\u00fchrenden Sorgfalt.<\/p>\n<p>&nbsp;<\/p>\n<p><span style=\"color: #ffd256;\"><strong>Von anderen Websites eingebettete Inhalte<\/strong><\/span><br \/>\nArtikel auf dieser Website k\u00f6nnen eingebettete Inhalte enthalten (z. B. Videos, Bilder, Artikel usw.). Von anderen Websites eingebettete Inhalte verhalten sich genau so, als ob der Besucher die andere Website besucht h\u00e4tte.<\/p>\n<p>&nbsp;<\/p>\n<p>Diese Websites k\u00f6nnen Daten \u00fcber Sie sammeln, Cookies verwenden, Tracking von Drittanbietern einbetten und Ihre Interaktion mit diesen eingebetteten Inhalten \u00fcberwachen, einschlie\u00dflich der Verfolgung Ihrer Interaktion mit den eingebetteten Inhalten, wenn Sie ein Konto haben und auf dieser Website angemeldet sind.<\/p>\n<p>&nbsp;<\/p>\n<p><span style=\"color: #ffd256;\"><strong>Wie lange bewahren wir Ihre Daten auf?<\/strong><\/span><br \/>\nWenn Sie einen Kommentar hinterlassen, werden der Kommentar und seine Metadaten auf unbestimmte Zeit gespeichert.<\/p>\n<p>&nbsp;<\/p>\n<p>F\u00fcr Benutzer, die sich auf unserer Website registrieren (falls vorhanden), speichern wir auch die pers\u00f6nlichen Informationen, die sie in ihrem Benutzerprofil angeben. Alle Benutzer k\u00f6nnen ihre pers\u00f6nlichen Daten jederzeit einsehen, bearbeiten oder l\u00f6schen (mit Ausnahme der \u00c4nderung des Benutzernamens). Website-Administratoren k\u00f6nnen diese Informationen auch anzeigen und bearbeiten.<\/p>\n<p>&nbsp;<\/p>\n<p>Sie k\u00f6nnen auch verlangen, dass alle personenbezogenen Daten, die wir \u00fcber Sie gespeichert haben, gel\u00f6scht werden. Dies umfasst keine Daten, die wir aus administrativen, rechtlichen oder Sicherheitsgr\u00fcnden verarbeiten m\u00fcssen.<\/p>\n<p>&nbsp;<\/p>\n<p><span style=\"color: #ffd256;\"><strong>Au\u00dfergew\u00f6hnliche Umst\u00e4nde<\/strong><\/span><br \/>\nIn den unten angegebenen begrenzten F\u00e4llen kann Klinikpostmodern.com die Informationen von Benutzern an Dritte weitergeben, mit Ausnahme der Bestimmungen dieser \u201eDatenschutzrichtlinie\u201c;<\/p>\n<p>&nbsp;<\/p>\n<ul>\n<li>Gesetz, Gesetzesdekret, Verordnung usw. Verpflichtungen aufgrund der von der zust\u00e4ndigen Justizbeh\u00f6rde erlassenen und geltenden Rechtsvorschriften;<\/li>\n<li>Zur Erf\u00fcllung der Anforderungen der Vertr\u00e4ge, die wir mit den Nutzern geschlossen haben;<\/li>\n<li>F\u00fcr den Fall, dass Informationen \u00fcber Benutzer angefordert werden, um eine Untersuchung oder Untersuchung durchzuf\u00fchren, die ordnungsgem\u00e4\u00df von der zust\u00e4ndigen Verwaltungs- und Justizbeh\u00f6rde durchgef\u00fchrt wird;<\/li>\n<li>Wo es notwendig ist, Informationen bereitzustellen, um die Rechte oder die Sicherheit der Benutzer zu sch\u00fctzen.<\/li>\n<\/ul>\n<p>&nbsp;<\/p>\n<p><span style=\"color: #ffd256;\"><strong>Wie k\u00f6nnen Sie Ihre Rechte in Bezug auf personenbezogene Daten aus\u00fcben?<\/strong><\/span><br \/>\n11 der KVKK, der die Rechte der betroffenen Personen regelt. Sie k\u00f6nnen Ihre Anfragen im Rahmen des Artikels \u00fcber das &#8222;Antragsformular an den Datenverantwortlichen&#8220; von den Kontaktinformationen der Postmodern Oral and Dental Health Polyclinic unter &#8222;klinikpostmodern.com&#8220; senden.<\/p>\n<p>&nbsp;<\/p>\n<p><strong>Datenverantwortlicher: Postmoderne Poliklinik f\u00fcr Mund- und Zahngesundheit<\/strong><\/p>\n<p><strong><a href=\"https:\/\/www.klinikpostmodern.com\/de\/kontakt\/\">Klicken Sie f\u00fcr Kontaktinformationen &gt;&gt;&gt;<\/a><\/strong><\/p>\n<p>&nbsp;<\/p>\n<p>&nbsp;<\/p>\n","protected":false},"excerpt":{"rendered":"<p>Durch die Nutzung der Website klinikpostmodern.com erkl\u00e4ren Sie sich mit den folgenden Bedingungen einverstanden. &nbsp;&#8230;<\/p>\n","protected":false},"author":1,"featured_media":0,"parent":0,"menu_order":0,"comment_status":"closed","ping_status":"open","template":"","meta":{"footnotes":""},"class_list":["post-2110","page","type-page","status-publish","hentry"],"aioseo_notices":[],"_links":{"self":[{"href":"https:\/\/www.klinikpostmodern.com\/de\/wp-json\/wp\/v2\/pages\/2110","targetHints":{"allow":["GET"]}}],"collection":[{"href":"https:\/\/www.klinikpostmodern.com\/de\/wp-json\/wp\/v2\/pages"}],"about":[{"href":"https:\/\/www.klinikpostmodern.com\/de\/wp-json\/wp\/v2\/types\/page"}],"author":[{"embeddable":true,"href":"https:\/\/www.klinikpostmodern.com\/de\/wp-json\/wp\/v2\/users\/1"}],"replies":[{"embeddable":true,"href":"https:\/\/www.klinikpostmodern.com\/de\/wp-json\/wp\/v2\/comments?post=2110"}],"version-history":[{"count":2,"href":"https:\/\/www.klinikpostmodern.com\/de\/wp-json\/wp\/v2\/pages\/2110\/revisions"}],"predecessor-version":[{"id":2698,"href":"https:\/\/www.klinikpostmodern.com\/de\/wp-json\/wp\/v2\/pages\/2110\/revisions\/2698"}],"wp:attachment":[{"href":"https:\/\/www.klinikpostmodern.com\/de\/wp-json\/wp\/v2\/media?parent=2110"}],"curies":[{"name":"wp","href":"https:\/\/api.w.org\/{rel}","templated":true}]}}